{"id":288,"date":"2025-05-12T17:30:21","date_gmt":"2025-05-12T17:30:21","guid":{"rendered":"https:\/\/mosaferyn.com\/?page_id=288"},"modified":"2025-05-25T15:38:45","modified_gmt":"2025-05-25T15:38:45","slug":"turkey","status":"publish","type":"page","link":"https:\/\/mosaferyn.com\/en_au\/turkey\/","title":{"rendered":"Turkey"},"content":{"rendered":"\t\t<div data-elementor-type=\"wp-page\" data-elementor-id=\"288\" class=\"elementor elementor-288\">\n\t\t\t\t<div class=\"elementor-element elementor-element-9a1f718 e-grid e-con-boxed e-con e-parent\" data-id=\"9a1f718\" data-element_type=\"container\">\n\t\t\t\t\t<div class=\"e-con-inner\">\n\t\t<div class=\"elementor-element elementor-element-44e93e0 e-con-full e-flex e-con e-child\" data-id=\"44e93e0\" data-element_type=\"container\">\n\t\t\t\t<div class=\"elementor-element elementor-element-4de7976 elementor-widget elementor-widget-heading\" data-id=\"4de7976\" data-element_type=\"widget\" data-widget_type=\"heading.default\">\n\t\t\t\t<div class=\"elementor-widget-container\">\n\t\t\t\t\t<h4 class=\"elementor-heading-title elementor-size-default\">Discover the Wonders of Turkey: From Istanbul to Cappadocia and Beyond<\/h4>\t\t\t\t<\/div>\n\t\t\t\t<\/div>\n\t\t\t\t<div class=\"elementor-element elementor-element-3cc3616 elementor-widget elementor-widget-heading\" data-id=\"3cc3616\" data-element_type=\"widget\" data-widget_type=\"heading.default\">\n\t\t\t\t<div class=\"elementor-widget-container\">\n\t\t\t\t\t<span class=\"elementor-heading-title elementor-size-default\">Turkey is a breathtaking crossroads of cultures, where East meets West, and history blends seamlessly with natural beauty and modern charm. From the bustling streets of Istanbul to the fairy-tale landscapes of Cappadocia and the sun-soaked beaches of the Turkish Riviera, Turkey offers a diverse and unforgettable travel experience.<\/span>\t\t\t\t<\/div>\n\t\t\t\t<\/div>\n\t\t\t\t<div class=\"elementor-element elementor-element-d488eba elementor-widget elementor-widget-heading\" data-id=\"d488eba\" data-element_type=\"widget\" data-widget_type=\"heading.default\">\n\t\t\t\t<div class=\"elementor-widget-container\">\n\t\t\t\t\t<span class=\"elementor-heading-title elementor-size-default\">Here\u2019s your essential guide to visiting Turkey and exploring its most iconic destinations.<\/span>\t\t\t\t<\/div>\n\t\t\t\t<\/div>\n\t\t\t\t<div class=\"elementor-element elementor-element-b0df270 elementor-widget elementor-widget-heading\" data-id=\"b0df270\" data-element_type=\"widget\" data-widget_type=\"heading.default\">\n\t\t\t\t<div class=\"elementor-widget-container\">\n\t\t\t\t\t<h4 class=\"elementor-heading-title elementor-size-default\">\ud83c\udf06 Istanbul: Where Continents Collide<\/h4>\t\t\t\t<\/div>\n\t\t\t\t<\/div>\n\t\t\t\t<div class=\"elementor-element elementor-element-e1f232e elementor-widget elementor-widget-heading\" data-id=\"e1f232e\" data-element_type=\"widget\" data-widget_type=\"heading.default\">\n\t\t\t\t<div class=\"elementor-widget-container\">\n\t\t\t\t\t<span class=\"elementor-heading-title elementor-size-default\">Straddling both Europe and Asia, Istanbul is one of the world\u2019s most unique cities. A place where ancient empires left their mark, and modern life pulses through vibrant bazaars, historic mosques, and trendy neighborhoods.<\/span>\t\t\t\t<\/div>\n\t\t\t\t<\/div>\n\t\t\t\t<div class=\"elementor-element elementor-element-a967686 elementor-widget elementor-widget-image\" data-id=\"a967686\" data-element_type=\"widget\" data-widget_type=\"image.default\">\n\t\t\t\t<div class=\"elementor-widget-container\">\n\t\t\t\t\t\t\t\t\t\t\t\t\t\t\t<img decoding=\"async\" src=\"https:\/\/mosaferyn.com\/wp-content\/uploads\/elementor\/thumbs\/Istanbul-scaled-r5pmgo8v5ukos5drts48ck1orljzim7igkc273ewlk.jpg\" title=\"Istanbul\" alt=\"Istanbul\" loading=\"lazy\" \/>\t\t\t\t\t\t\t\t\t\t\t\t\t\t\t<\/div>\n\t\t\t\t<\/div>\n\t\t\t\t<div class=\"elementor-element elementor-element-68f3b33 elementor-widget elementor-widget-heading\" data-id=\"68f3b33\" data-element_type=\"widget\" data-widget_type=\"heading.default\">\n\t\t\t\t<div class=\"elementor-widget-container\">\n\t\t\t\t\t<h4 class=\"elementor-heading-title elementor-size-default\">Top Attractions in Istanbul:<\/h4>\t\t\t\t<\/div>\n\t\t\t\t<\/div>\n\t\t\t\t<div class=\"elementor-element elementor-element-8b66f97 elementor-widget elementor-widget-heading\" data-id=\"8b66f97\" data-element_type=\"widget\" data-widget_type=\"heading.default\">\n\t\t\t\t<div class=\"elementor-widget-container\">\n\t\t\t\t\t<span class=\"elementor-heading-title elementor-size-default\">Hagia Sophia: A symbol of Byzantine and Ottoman grandeur, now a working mosque and must-see historical landmark.<\/span>\t\t\t\t<\/div>\n\t\t\t\t<\/div>\n\t\t\t\t<div class=\"elementor-element elementor-element-0a5478b elementor-widget elementor-widget-heading\" data-id=\"0a5478b\" data-element_type=\"widget\" data-widget_type=\"heading.default\">\n\t\t\t\t<div class=\"elementor-widget-container\">\n\t\t\t\t\t<span class=\"elementor-heading-title elementor-size-default\">Blue Mosque (Sultan Ahmed Mosque): A stunning architectural masterpiece with iconic blue tiles and majestic domes<\/span>\t\t\t\t<\/div>\n\t\t\t\t<\/div>\n\t\t\t\t<div class=\"elementor-element elementor-element-0c8a087 elementor-widget elementor-widget-heading\" data-id=\"0c8a087\" data-element_type=\"widget\" data-widget_type=\"heading.default\">\n\t\t\t\t<div class=\"elementor-widget-container\">\n\t\t\t\t\t<span class=\"elementor-heading-title elementor-size-default\">Topkapi Palace: The opulent former home of Ottoman sultans, now a museum of treasures and history.<\/span>\t\t\t\t<\/div>\n\t\t\t\t<\/div>\n\t\t\t\t<div class=\"elementor-element elementor-element-181f5f8 elementor-widget elementor-widget-heading\" data-id=\"181f5f8\" data-element_type=\"widget\" data-widget_type=\"heading.default\">\n\t\t\t\t<div class=\"elementor-widget-container\">\n\t\t\t\t\t<span class=\"elementor-heading-title elementor-size-default\">Grand Bazaar &amp; Spice Bazaar: Perfect for shopping lovers\u2014over 4,000 shops selling everything from Turkish delights to handmade carpets.<\/span>\t\t\t\t<\/div>\n\t\t\t\t<\/div>\n\t\t\t\t<div class=\"elementor-element elementor-element-225ebb3 elementor-widget elementor-widget-heading\" data-id=\"225ebb3\" data-element_type=\"widget\" data-widget_type=\"heading.default\">\n\t\t\t\t<div class=\"elementor-widget-container\">\n\t\t\t\t\t<span class=\"elementor-heading-title elementor-size-default\">Bosphorus Cruise: Glide between continents with a scenic boat tour along the strait separating Europe and Asia.<\/span>\t\t\t\t<\/div>\n\t\t\t\t<\/div>\n\t\t\t\t<div class=\"elementor-element elementor-element-25a8654 elementor-widget elementor-widget-heading\" data-id=\"25a8654\" data-element_type=\"widget\" data-widget_type=\"heading.default\">\n\t\t\t\t<div class=\"elementor-widget-container\">\n\t\t\t\t\t<span class=\"elementor-heading-title elementor-size-default\">\ud83d\udca1 Tip: Consider a guided walking tour or Bosphorus dinner cruise to enrich your Istanbul experience.<\/span>\t\t\t\t<\/div>\n\t\t\t\t<\/div>\n\t\t\t\t<\/div>\n\t\t<div class=\"elementor-element elementor-element-38cbcbe e-con-full e-flex e-con e-child\" data-id=\"38cbcbe\" data-element_type=\"container\">\n\t\t\t\t<div class=\"elementor-element elementor-element-62bc92e elementor-widget elementor-widget-heading\" data-id=\"62bc92e\" data-element_type=\"widget\" data-widget_type=\"heading.default\">\n\t\t\t\t<div class=\"elementor-widget-container\">\n\t\t\t\t\t<h4 class=\"elementor-heading-title elementor-size-default\">\ud83c\udf88 Cappadocia: A Surreal Dreamscape<\/h4>\t\t\t\t<\/div>\n\t\t\t\t<\/div>\n\t\t\t\t<div class=\"elementor-element elementor-element-8e1a626 elementor-widget elementor-widget-heading\" data-id=\"8e1a626\" data-element_type=\"widget\" data-widget_type=\"heading.default\">\n\t\t\t\t<div class=\"elementor-widget-container\">\n\t\t\t\t\t<h5 class=\"elementor-heading-title elementor-size-default\">Cappadocia feels like another planet, famous for its unique rock formations, cave dwellings, and dreamy sunrise hot air balloon rides.<\/h5>\t\t\t\t<\/div>\n\t\t\t\t<\/div>\n\t\t\t\t<div class=\"elementor-element elementor-element-06206ff elementor-widget elementor-widget-heading\" data-id=\"06206ff\" data-element_type=\"widget\" data-widget_type=\"heading.default\">\n\t\t\t\t<div class=\"elementor-widget-container\">\n\t\t\t\t\t<h5 class=\"elementor-heading-title elementor-size-default\">Top Attractions in Cappadocia:<\/h5>\t\t\t\t<\/div>\n\t\t\t\t<\/div>\n\t\t\t\t<div class=\"elementor-element elementor-element-2d6f6bc elementor-widget elementor-widget-image\" data-id=\"2d6f6bc\" data-element_type=\"widget\" data-widget_type=\"image.default\">\n\t\t\t\t<div class=\"elementor-widget-container\">\n\t\t\t\t\t\t\t\t\t\t\t\t\t\t\t<img decoding=\"async\" src=\"https:\/\/mosaferyn.com\/wp-content\/uploads\/elementor\/thumbs\/Capadocia-scaled-r5pmusrjv7wj0w6z6cl61xt1y4pgjxapfqittb7fkk.jpg\" title=\"Capadocia\" alt=\"Capadocia\" loading=\"lazy\" \/>\t\t\t\t\t\t\t\t\t\t\t\t\t\t\t<\/div>\n\t\t\t\t<\/div>\n\t\t\t\t<div class=\"elementor-element elementor-element-731696c elementor-widget elementor-widget-heading\" data-id=\"731696c\" data-element_type=\"widget\" data-widget_type=\"heading.default\">\n\t\t\t\t<div class=\"elementor-widget-container\">\n\t\t\t\t\t<span class=\"elementor-heading-title elementor-size-default\">Hot Air Balloon Ride: Float above fairy chimneys and valleys at dawn for unforgettable views.<\/span>\t\t\t\t<\/div>\n\t\t\t\t<\/div>\n\t\t\t\t<div class=\"elementor-element elementor-element-e17c405 elementor-widget elementor-widget-heading\" data-id=\"e17c405\" data-element_type=\"widget\" data-widget_type=\"heading.default\">\n\t\t\t\t<div class=\"elementor-widget-container\">\n\t\t\t\t\t<span class=\"elementor-heading-title elementor-size-default\">G\u00f6reme Open-Air Museum: A UNESCO site filled with rock-cut churches and Byzantine frescoes.<\/span>\t\t\t\t<\/div>\n\t\t\t\t<\/div>\n\t\t\t\t<div class=\"elementor-element elementor-element-048d6ac elementor-widget elementor-widget-heading\" data-id=\"048d6ac\" data-element_type=\"widget\" data-widget_type=\"heading.default\">\n\t\t\t\t<div class=\"elementor-widget-container\">\n\t\t\t\t\t<span class=\"elementor-heading-title elementor-size-default\">Underground Cities (Derinkuyu &amp; Kaymakli): Ancient multi-level cities carved into the earth\u2014mysterious and fascinating.<\/span>\t\t\t\t<\/div>\n\t\t\t\t<\/div>\n\t\t\t\t<div class=\"elementor-element elementor-element-f5af8b2 elementor-widget elementor-widget-heading\" data-id=\"f5af8b2\" data-element_type=\"widget\" data-widget_type=\"heading.default\">\n\t\t\t\t<div class=\"elementor-widget-container\">\n\t\t\t\t\t<span class=\"elementor-heading-title elementor-size-default\">Uchisar Castle: A natural rock fortress offering panoramic views of the region.<\/span>\t\t\t\t<\/div>\n\t\t\t\t<\/div>\n\t\t\t\t<div class=\"elementor-element elementor-element-4dbbc14 elementor-widget elementor-widget-heading\" data-id=\"4dbbc14\" data-element_type=\"widget\" data-widget_type=\"heading.default\">\n\t\t\t\t<div class=\"elementor-widget-container\">\n\t\t\t\t\t<span class=\"elementor-heading-title elementor-size-default\">Hiking in Ihlara Valley: Explore a scenic canyon rich in nature and historic cave churches.<\/span>\t\t\t\t<\/div>\n\t\t\t\t<\/div>\n\t\t\t\t<div class=\"elementor-element elementor-element-d780ebb elementor-widget elementor-widget-heading\" data-id=\"d780ebb\" data-element_type=\"widget\" data-widget_type=\"heading.default\">\n\t\t\t\t<div class=\"elementor-widget-container\">\n\t\t\t\t\t<span class=\"elementor-heading-title elementor-size-default\">\ud83c\udfe8 Choose from cave hotels for a truly unique stay\u2014perfect for couples, families, and Instagram-worthy moments.<\/span>\t\t\t\t<\/div>\n\t\t\t\t<\/div>\n\t\t\t\t<div class=\"elementor-element elementor-element-3c77faf elementor-widget elementor-widget-image\" data-id=\"3c77faf\" data-element_type=\"widget\" data-widget_type=\"image.default\">\n\t\t\t\t<div class=\"elementor-widget-container\">\n\t\t\t\t\t\t\t\t\t\t\t\t\t\t\t<img decoding=\"async\" src=\"https:\/\/mosaferyn.com\/wp-content\/uploads\/elementor\/thumbs\/Antalya-2-scaled-r60142njjgem67fiiag8pgrhjujmlcnn8cvtlb0b34.jpg\" title=\"Antalya\" alt=\"Antalya\" loading=\"lazy\" \/>\t\t\t\t\t\t\t\t\t\t\t\t\t\t\t<\/div>\n\t\t\t\t<\/div>\n\t\t\t\t<\/div>\n\t\t\t\t\t<\/div>\n\t\t\t\t<\/div>\n\t\t<div class=\"elementor-element elementor-element-5aab9b6 e-grid e-con-boxed e-con e-parent\" data-id=\"5aab9b6\" data-element_type=\"container\">\n\t\t\t\t\t<div class=\"e-con-inner\">\n\t\t<div class=\"elementor-element elementor-element-a010302 e-con-full e-flex e-con e-child\" data-id=\"a010302\" data-element_type=\"container\">\n\t\t\t\t<div class=\"elementor-element elementor-element-0ed8db9 elementor-widget elementor-widget-heading\" data-id=\"0ed8db9\" data-element_type=\"widget\" data-widget_type=\"heading.default\">\n\t\t\t\t<div class=\"elementor-widget-container\">\n\t\t\t\t\t<h4 class=\"elementor-heading-title elementor-size-default\">\ud83c\udfd6\ufe0f Antalya &amp; The Turkish Riviera: Sun, Sea, and Serenity<\/h4>\t\t\t\t<\/div>\n\t\t\t\t<\/div>\n\t\t\t\t<div class=\"elementor-element elementor-element-a76ead0 elementor-widget elementor-widget-heading\" data-id=\"a76ead0\" data-element_type=\"widget\" data-widget_type=\"heading.default\">\n\t\t\t\t<div class=\"elementor-widget-container\">\n\t\t\t\t\t<span class=\"elementor-heading-title elementor-size-default\">Located on the stunning Mediterranean coast, Antalya and its neighboring towns are the heart of Turkey\u2019s beach tourism, offering turquoise waters, ancient ruins, and lush mountain backdrops.<\/span>\t\t\t\t<\/div>\n\t\t\t\t<\/div>\n\t\t\t\t<div class=\"elementor-element elementor-element-c1ab0bc elementor-widget elementor-widget-heading\" data-id=\"c1ab0bc\" data-element_type=\"widget\" data-widget_type=\"heading.default\">\n\t\t\t\t<div class=\"elementor-widget-container\">\n\t\t\t\t\t<h4 class=\"elementor-heading-title elementor-size-default\">Top Attractions in the Turkish Riviera:<\/h4>\t\t\t\t<\/div>\n\t\t\t\t<\/div>\n\t\t\t\t<div class=\"elementor-element elementor-element-e8b1998 elementor-widget elementor-widget-image\" data-id=\"e8b1998\" data-element_type=\"widget\" data-widget_type=\"image.default\">\n\t\t\t\t<div class=\"elementor-widget-container\">\n\t\t\t\t\t\t\t\t\t\t\t\t\t\t\t<img decoding=\"async\" src=\"https:\/\/mosaferyn.com\/wp-content\/uploads\/elementor\/thumbs\/Antalya-1-scaled-r5pnph7wxjw5qeyjv2nko56nqy9n5c3q0ubfoygcyo.jpg\" title=\"Antalya 1\" alt=\"Antalya 1\" loading=\"lazy\" \/>\t\t\t\t\t\t\t\t\t\t\t\t\t\t\t<\/div>\n\t\t\t\t<\/div>\n\t\t\t\t<div class=\"elementor-element elementor-element-c0650c4 elementor-widget elementor-widget-heading\" data-id=\"c0650c4\" data-element_type=\"widget\" data-widget_type=\"heading.default\">\n\t\t\t\t<div class=\"elementor-widget-container\">\n\t\t\t\t\t<span class=\"elementor-heading-title elementor-size-default\">Antalya Old Town (Kalei\u00e7i): A charming maze of cobbled streets, boutique shops, and harbor views.<\/span>\t\t\t\t<\/div>\n\t\t\t\t<\/div>\n\t\t\t\t<div class=\"elementor-element elementor-element-e023f97 elementor-widget elementor-widget-heading\" data-id=\"e023f97\" data-element_type=\"widget\" data-widget_type=\"heading.default\">\n\t\t\t\t<div class=\"elementor-widget-container\">\n\t\t\t\t\t<span class=\"elementor-heading-title elementor-size-default\">Pamukkale (day trip): Famous for its white travertine terraces and the ancient city of Hierapolis.<\/span>\t\t\t\t<\/div>\n\t\t\t\t<\/div>\n\t\t\t\t<div class=\"elementor-element elementor-element-befc13f elementor-widget elementor-widget-heading\" data-id=\"befc13f\" data-element_type=\"widget\" data-widget_type=\"heading.default\">\n\t\t\t\t<div class=\"elementor-widget-container\">\n\t\t\t\t\t<span class=\"elementor-heading-title elementor-size-default\">\u00d6l\u00fcdeniz &amp; Blue Lagoon: Crystal-clear waters ideal for swimming, sunbathing, and paragliding from Babada\u011f Mountain.<\/span>\t\t\t\t<\/div>\n\t\t\t\t<\/div>\n\t\t\t\t<div class=\"elementor-element elementor-element-b89ffe2 elementor-widget elementor-widget-heading\" data-id=\"b89ffe2\" data-element_type=\"widget\" data-widget_type=\"heading.default\">\n\t\t\t\t<div class=\"elementor-widget-container\">\n\t\t\t\t\t<span class=\"elementor-heading-title elementor-size-default\">Bodrum &amp; Marmaris: Popular resort towns with lively nightlife, sailing trips, and historical sites.<\/span>\t\t\t\t<\/div>\n\t\t\t\t<\/div>\n\t\t\t\t<div class=\"elementor-element elementor-element-71fd369 elementor-widget elementor-widget-heading\" data-id=\"71fd369\" data-element_type=\"widget\" data-widget_type=\"heading.default\">\n\t\t\t\t<div class=\"elementor-widget-container\">\n\t\t\t\t\t<span class=\"elementor-heading-title elementor-size-default\">\ud83c\udf1e Looking for a beach escape? Book your stay in all-inclusive resorts or boutique hotels with private beach access.<\/span>\t\t\t\t<\/div>\n\t\t\t\t<\/div>\n\t\t\t\t<\/div>\n\t\t<div class=\"elementor-element elementor-element-8297f68 e-con-full e-flex e-con e-child\" data-id=\"8297f68\" data-element_type=\"container\">\n\t\t\t\t<div class=\"elementor-element elementor-element-4aee85a elementor-widget elementor-widget-heading\" data-id=\"4aee85a\" data-element_type=\"widget\" data-widget_type=\"heading.default\">\n\t\t\t\t<div class=\"elementor-widget-container\">\n\t\t\t\t\t<h4 class=\"elementor-heading-title elementor-size-default\">\ud83c\udfdb\ufe0f Other Must-See Places Across Turkey<\/h4>\t\t\t\t<\/div>\n\t\t\t\t<\/div>\n\t\t\t\t<div class=\"elementor-element elementor-element-24e18d6 elementor-widget elementor-widget-heading\" data-id=\"24e18d6\" data-element_type=\"widget\" data-widget_type=\"heading.default\">\n\t\t\t\t<div class=\"elementor-widget-container\">\n\t\t\t\t\t<span class=\"elementor-heading-title elementor-size-default\">Turkey\u2019s richness goes beyond its top tourist cities. These other locations offer a deeper dive into its cultural and natural beauty.<\/span>\t\t\t\t<\/div>\n\t\t\t\t<\/div>\n\t\t\t\t<div class=\"elementor-element elementor-element-a26049c elementor-widget elementor-widget-heading\" data-id=\"a26049c\" data-element_type=\"widget\" data-widget_type=\"heading.default\">\n\t\t\t\t<div class=\"elementor-widget-container\">\n\t\t\t\t\t<h5 class=\"elementor-heading-title elementor-size-default\">Explore More of Turkey:<\/h5>\t\t\t\t<\/div>\n\t\t\t\t<\/div>\n\t\t\t\t<div class=\"elementor-element elementor-element-46b24e0 elementor-widget elementor-widget-heading\" data-id=\"46b24e0\" data-element_type=\"widget\" data-widget_type=\"heading.default\">\n\t\t\t\t<div class=\"elementor-widget-container\">\n\t\t\t\t\t<span class=\"elementor-heading-title elementor-size-default\">Ephesus: One of the best-preserved Roman cities in the world, near Izmir.<\/span>\t\t\t\t<\/div>\n\t\t\t\t<\/div>\n\t\t\t\t<div class=\"elementor-element elementor-element-96732f0 elementor-widget elementor-widget-heading\" data-id=\"96732f0\" data-element_type=\"widget\" data-widget_type=\"heading.default\">\n\t\t\t\t<div class=\"elementor-widget-container\">\n\t\t\t\t\t<span class=\"elementor-heading-title elementor-size-default\">Mount Nemrut: Home to mysterious stone heads atop a mountain\u2014a remote and fascinating archaeological site.<\/span>\t\t\t\t<\/div>\n\t\t\t\t<\/div>\n\t\t\t\t<div class=\"elementor-element elementor-element-dc53cf2 elementor-widget elementor-widget-heading\" data-id=\"dc53cf2\" data-element_type=\"widget\" data-widget_type=\"heading.default\">\n\t\t\t\t<div class=\"elementor-widget-container\">\n\t\t\t\t\t<span class=\"elementor-heading-title elementor-size-default\">Safranbolu: A UNESCO-listed Ottoman town known for its traditional architecture and Turkish delight.<\/span>\t\t\t\t<\/div>\n\t\t\t\t<\/div>\n\t\t\t\t<div class=\"elementor-element elementor-element-65e072b elementor-widget elementor-widget-heading\" data-id=\"65e072b\" data-element_type=\"widget\" data-widget_type=\"heading.default\">\n\t\t\t\t<div class=\"elementor-widget-container\">\n\t\t\t\t\t<span class=\"elementor-heading-title elementor-size-default\">Trabzon &amp; Rize (Black Sea Region): Lush greenery, tea plantations, and the scenic Sumela Monastery perched on a cliff.<\/span>\t\t\t\t<\/div>\n\t\t\t\t<\/div>\n\t\t\t\t<div class=\"elementor-element elementor-element-3885b29 elementor-widget elementor-widget-heading\" data-id=\"3885b29\" data-element_type=\"widget\" data-widget_type=\"heading.default\">\n\t\t\t\t<div class=\"elementor-widget-container\">\n\t\t\t\t\t<span class=\"elementor-heading-title elementor-size-default\">\ud83c\udf3f For a blend of nature, history, and authenticity, these lesser-known spots are well worth the journey.<\/span>\t\t\t\t<\/div>\n\t\t\t\t<\/div>\n\t\t\t\t<div class=\"elementor-element elementor-element-51c5260 elementor-widget elementor-widget-heading\" data-id=\"51c5260\" data-element_type=\"widget\" data-widget_type=\"heading.default\">\n\t\t\t\t<div class=\"elementor-widget-container\">\n\t\t\t\t\t<h5 class=\"elementor-heading-title elementor-size-default\">\ud83c\udf7d\ufe0f Food, Stay &amp; Experiences<\/h5>\t\t\t\t<\/div>\n\t\t\t\t<\/div>\n\t\t\t\t<div class=\"elementor-element elementor-element-1c2e3ea elementor-widget elementor-widget-heading\" data-id=\"1c2e3ea\" data-element_type=\"widget\" data-widget_type=\"heading.default\">\n\t\t\t\t<div class=\"elementor-widget-container\">\n\t\t\t\t\t<span class=\"elementor-heading-title elementor-size-default\">Turkey\u2019s cuisine is a feast for the senses\u2014from sizzling kebabs to rich baklava and hearty breakfasts. Whether you're enjoying a seaside seafood restaurant or sipping tea in a centuries-old bazaar, food is at the heart of Turkish culture.<\/span>\t\t\t\t<\/div>\n\t\t\t\t<\/div>\n\t\t\t\t<div class=\"elementor-element elementor-element-bf5d314 elementor-widget elementor-widget-heading\" data-id=\"bf5d314\" data-element_type=\"widget\" data-widget_type=\"heading.default\">\n\t\t\t\t<div class=\"elementor-widget-container\">\n\t\t\t\t\t<span class=\"elementor-heading-title elementor-size-default\">\ud83d\udecf\ufe0f Explore our top hotel and Airbnb recommendations across Istanbul, Cappadocia, Antalya, and more.\n\ud83c\udf74 Discover local food tours, cooking classes, and must-try restaurants for a full culinary experience.\n\ud83e\udded Check out our list of guided tours and day trips for every region\u2014perfect for making the most of your trip.\n<\/span>\t\t\t\t<\/div>\n\t\t\t\t<\/div>\n\t\t\t\t<div class=\"elementor-element elementor-element-9a45932 elementor-widget elementor-widget-heading\" data-id=\"9a45932\" data-element_type=\"widget\" data-widget_type=\"heading.default\">\n\t\t\t\t<div class=\"elementor-widget-container\">\n\t\t\t\t\t<h5 class=\"elementor-heading-title elementor-size-default\">\u2708\ufe0f Getting There and Getting Around<\/h5>\t\t\t\t<\/div>\n\t\t\t\t<\/div>\n\t\t\t\t<div class=\"elementor-element elementor-element-bc781d3 elementor-widget elementor-widget-heading\" data-id=\"bc781d3\" data-element_type=\"widget\" data-widget_type=\"heading.default\">\n\t\t\t\t<div class=\"elementor-widget-container\">\n\t\t\t\t\t<span class=\"elementor-heading-title elementor-size-default\">Turkey is well-connected through major airports like Istanbul Airport (IST) and Sabiha G\u00f6k\u00e7en (SAW). Regional flights, modern buses, and high-speed trains make traveling between cities easy and affordable. Renting a car is also an option for exploring more remote or coastal areas.<\/span>\t\t\t\t<\/div>\n\t\t\t\t<\/div>\n\t\t\t\t<div class=\"elementor-element elementor-element-0b76672 elementor-widget elementor-widget-heading\" data-id=\"0b76672\" data-element_type=\"widget\" data-widget_type=\"heading.default\">\n\t\t\t\t<div class=\"elementor-widget-container\">\n\t\t\t\t\t<h5 class=\"elementor-heading-title elementor-size-default\">Final Thoughts<\/h5>\t\t\t\t<\/div>\n\t\t\t\t<\/div>\n\t\t\t\t<div class=\"elementor-element elementor-element-4005d4e elementor-widget elementor-widget-heading\" data-id=\"4005d4e\" data-element_type=\"widget\" data-widget_type=\"heading.default\">\n\t\t\t\t<div class=\"elementor-widget-container\">\n\t\t\t\t\t<span class=\"elementor-heading-title elementor-size-default\">Whether you're wandering through the historic streets of Istanbul, soaring above Cappadocia, or relaxing by the Mediterranean, Turkey offers an experience rich in culture, beauty, and adventure. It\u2019s the perfect destination for couples, families, and solo travelers alike.<\/span>\t\t\t\t<\/div>\n\t\t\t\t<\/div>\n\t\t\t\t<div class=\"elementor-element elementor-element-29c19d8 elementor-widget elementor-widget-heading\" data-id=\"29c19d8\" data-element_type=\"widget\" data-widget_type=\"heading.default\">\n\t\t\t\t<div class=\"elementor-widget-container\">\n\t\t\t\t\t<span class=\"elementor-heading-title elementor-size-default\">\ud83d\udc49 Stay tuned for our hand-picked affiliate deals on hotels, tours, restaurants, and more to make your Turkey journey unforgettable!<\/span>\t\t\t\t<\/div>\n\t\t\t\t<\/div>\n\t\t\t\t<\/div>\n\t\t\t\t\t<\/div>\n\t\t\t\t<\/div>\n\t\t\t\t<\/div>\n\t\t","protected":false},"excerpt":{"rendered":"<p>Discover the Wonders of Turkey: From Istanbul to Cappadocia and Beyond Turkey is a breathtaking crossroads of cultures, where East meets West, and history blends seamlessly with natural beauty and modern charm. From the bustling streets of Istanbul to the fairy-tale landscapes of Cappadocia and the sun-soaked beaches of the Turkish Riviera, Turkey offers a<\/p>\n<p><a href=\"https:\/\/mosaferyn.com\/en_au\/turkey\/\" class=\"more-link themebutton\">Read More<\/a><\/p>\n","protected":false},"author":1,"featured_media":0,"parent":0,"menu_order":0,"comment_status":"closed","ping_status":"closed","template":"","meta":{"footnotes":""},"class_list":["post-288","page","type-page","status-publish","hentry"],"_links":{"self":[{"href":"https:\/\/mosaferyn.com\/en_au\/wp-json\/wp\/v2\/pages\/288","targetHints":{"allow":["GET"]}}],"collection":[{"href":"https:\/\/mosaferyn.com\/en_au\/wp-json\/wp\/v2\/pages"}],"about":[{"href":"https:\/\/mosaferyn.com\/en_au\/wp-json\/wp\/v2\/types\/page"}],"author":[{"embeddable":true,"href":"https:\/\/mosaferyn.com\/en_au\/wp-json\/wp\/v2\/users\/1"}],"replies":[{"embeddable":true,"href":"https:\/\/mosaferyn.com\/en_au\/wp-json\/wp\/v2\/comments?post=288"}],"version-history":[{"count":31,"href":"https:\/\/mosaferyn.com\/en_au\/wp-json\/wp\/v2\/pages\/288\/revisions"}],"predecessor-version":[{"id":678,"href":"https:\/\/mosaferyn.com\/en_au\/wp-json\/wp\/v2\/pages\/288\/revisions\/678"}],"wp:attachment":[{"href":"https:\/\/mosaferyn.com\/en_au\/wp-json\/wp\/v2\/media?parent=288"}],"curies":[{"name":"wp","href":"https:\/\/api.w.org\/{rel}","templated":true}]}}